{"id":305,"date":"2025-02-25T19:01:55","date_gmt":"2025-02-25T18:01:55","guid":{"rendered":"https:\/\/www.mira-me.de\/?page_id=305"},"modified":"2025-02-25T19:25:07","modified_gmt":"2025-02-25T18:25:07","slug":"nuetzliche-links","status":"publish","type":"page","link":"https:\/\/www.mira-me.de\/?page_id=305","title":{"rendered":"Link-Empfehlungen"},"content":{"rendered":"\n<p><a href=\"https:\/\/www.gottkontakt.de\" target=\"_blank\" rel=\"noreferrer noopener\"><br>www.gottkontakt.de<\/a><\/p>\n\n\n\n<p>Beten stellt Kontakt mit Gott her. Beten ist mehr als Reden. Beten ist auch h\u00f6ren. Auf dieser Seite kannst du dir Anregungen und Unterst\u00fctzungen zum Thema Gebet holen.&nbsp;<\/p>\n\n\n\n<p><a href=\"https:\/\/amen.de\/\" target=\"_blank\" rel=\"noreferrer noopener\">www.amen.de<\/a><\/p>\n\n\n\n<p>Hier kannst du anonym und ohne Anmeldung dein Gebetsanliegen eingeben. Ehrenamtliche Beterinnen und Beter tragen dein Anliegen vor Gott.&nbsp;<\/p>\n\n\n\n<p><a href=\"https:\/\/thecorners.substack.com\/p\/unclean-lips\" target=\"_blank\" rel=\"noreferrer noopener\">Unclean lips &#8211; The Corners by Nadia Bolz-Webe<\/a><a href=\"https:\/\/thecorners.substack.com\/p\/unclean-lips\">r<\/a><\/p>\n\n\n\n<p>Unclean lips &#8211; a sermon on having faith in the time of tyrants by Nadia Bolz-Weber. Die evangelisch-lutherische Pastorin h\u00e4lt hier eine sehr ermutigende Botschaft \u00fcber Vertrauen in Zeiten von Tyrannen. H\u00f6rens- und sehenswert.<\/p>\n\n\n\n<p><\/p>\n","protected":false},"excerpt":{"rendered":"<p>www.gottkontakt.de Beten stellt Kontakt mit Gott her. Beten ist mehr als Reden. Beten ist auch h\u00f6ren. Auf dieser Seite kannst du dir Anregungen und Unterst\u00fctzungen zum Thema Gebet holen.&nbsp; www.amen.de Hier kannst du anonym und ohne Anmeldung dein Gebetsanliegen eingeben. Ehrenamtliche Beterinnen und Beter tragen dein Anliegen vor Gott.&nbsp; Unclean lips &#8211; The Corners by [&hellip;]<\/p>\n","protected":false},"author":3,"featured_media":307,"parent":0,"menu_order":0,"comment_status":"closed","ping_status":"closed","template":"","meta":{"footnotes":""},"class_list":["post-305","page","type-page","status-publish","has-post-thumbnail","hentry"],"_links":{"self":[{"href":"https:\/\/www.mira-me.de\/index.php?rest_route=\/wp\/v2\/pages\/305","targetHints":{"allow":["GET"]}}],"collection":[{"href":"https:\/\/www.mira-me.de\/index.php?rest_route=\/wp\/v2\/pages"}],"about":[{"href":"https:\/\/www.mira-me.de\/index.php?rest_route=\/wp\/v2\/types\/page"}],"author":[{"embeddable":true,"href":"https:\/\/www.mira-me.de\/index.php?rest_route=\/wp\/v2\/users\/3"}],"replies":[{"embeddable":true,"href":"https:\/\/www.mira-me.de\/index.php?rest_route=%2Fwp%2Fv2%2Fcomments&post=305"}],"version-history":[{"count":7,"href":"https:\/\/www.mira-me.de\/index.php?rest_route=\/wp\/v2\/pages\/305\/revisions"}],"predecessor-version":[{"id":315,"href":"https:\/\/www.mira-me.de\/index.php?rest_route=\/wp\/v2\/pages\/305\/revisions\/315"}],"wp:featuredmedia":[{"embeddable":true,"href":"https:\/\/www.mira-me.de\/index.php?rest_route=\/wp\/v2\/media\/307"}],"wp:attachment":[{"href":"https:\/\/www.mira-me.de\/index.php?rest_route=%2Fwp%2Fv2%2Fmedia&parent=305"}],"curies":[{"name":"wp","href":"https:\/\/api.w.org\/{rel}","templated":true}]}}