{"id":17,"date":"2024-08-17T18:07:41","date_gmt":"2024-08-17T16:07:41","guid":{"rendered":"https:\/\/www.mira-me.de\/?page_id=17"},"modified":"2024-11-30T09:46:15","modified_gmt":"2024-11-30T08:46:15","slug":"mira-me","status":"publish","type":"page","link":"https:\/\/www.mira-me.de\/?page_id=17","title":{"rendered":"Unser Team"},"content":{"rendered":"\n<h2 class=\"wp-block-heading has-text-align-center\">Gott sieht dich, du bist Ihm wichtig.<\/h2>\n\n\n\n<div class=\"wp-block-group alignfull has-base-background-color has-background is-nowrap is-layout-flex wp-container-core-group-is-layout-560e8266 wp-block-group-is-layout-flex\" style=\"margin-top:0;margin-bottom:0;padding-top:var(--wp--preset--spacing--50);padding-right:var(--wp--preset--spacing--50);padding-bottom:var(--wp--preset--spacing--50);padding-left:var(--wp--preset--spacing--50)\">\n<div class=\"wp-block-columns alignwide is-layout-flex wp-container-core-columns-is-layout-549b0c86 wp-block-columns-is-layout-flex\">\n<div class=\"wp-block-column has-global-padding is-content-justification-left is-layout-constrained wp-container-core-column-is-layout-4f15e8fe wp-block-column-is-layout-constrained\" style=\"flex-basis:40%\">\n<p class=\"has-large-font-size\"><mark style=\"background-color:rgba(0, 0, 0, 0)\" class=\"has-inline-color has-accent-4-color\"><em>Renate<\/em><\/mark><\/p>\n\n\n\n<div style=\"height:66px\" aria-hidden=\"true\" class=\"wp-block-spacer\"><\/div>\n\n\n\n<figure class=\"wp-block-image size-large is-resized\"><img loading=\"lazy\" decoding=\"async\" width=\"819\" height=\"1024\" src=\"https:\/\/www.mira-me.de\/wp-content\/uploads\/2024\/09\/ueber-mich-Bild-final-819x1024.jpg\" alt=\"\" class=\"wp-image-222\" style=\"width:286px;height:auto\" srcset=\"https:\/\/www.mira-me.de\/wp-content\/uploads\/2024\/09\/ueber-mich-Bild-final-819x1024.jpg 819w, https:\/\/www.mira-me.de\/wp-content\/uploads\/2024\/09\/ueber-mich-Bild-final-240x300.jpg 240w, https:\/\/www.mira-me.de\/wp-content\/uploads\/2024\/09\/ueber-mich-Bild-final-768x960.jpg 768w, https:\/\/www.mira-me.de\/wp-content\/uploads\/2024\/09\/ueber-mich-Bild-final.jpg 1080w\" sizes=\"auto, (max-width: 819px) 100vw, 819px\" \/><\/figure>\n<\/div>\n\n\n\n<div class=\"wp-block-column is-layout-flow wp-container-core-column-is-layout-119bc444 wp-block-column-is-layout-flow\" style=\"flex-basis:60%\">\n<p class=\"has-text-align-left has-contrast-2-color has-text-color has-link-color has-heading-font-family has-large-font-size wp-elements-b8a5f386371ee12f4b038ac3301a5d33\" style=\"line-height:1.2\">&#8222;Das Gebet f\u00fcr Menschen liegt mir sehr am Herzen. Gott liebt uns und hat gute Gedanken, die Er uns mitteilen m\u00f6chte.&#8220;<\/p>\n\n\n\n<p>Mein Name ist Renate. Ich habe den Prophetischen Gebets-Dienst Mira me im Herbst 2024 gegr\u00fcndet. Ich bin geschieden und habe drei erwachsene Kinder. Ich habe unter anderem evangelische Theologie auf Lehramt studiert und arbeite als Grundschullehrerin an einer kleinen Dorfschule im Zentrum Schleswig-Holsteins. Kinder sind das Gr\u00f6\u00dfte. An ihnen wird mir ganz besonders die Liebe Gottes zu uns Menschen bewusst. Menschen im Gebet vor unseren Himmlischen Vater zu bringen und Prophetie liegen mir sehr am Herzen. Ein gesundes, theologisch fundiertes Verh\u00e4ltnis zum Prophetischen ist mir besonders wichtig. Gott liebt uns und hat gute Gedanken, die Er uns mitteilen m\u00f6chte. Dieses geschieht nicht nur durch Sein Wort, sondern auch durch Prophetie. Meine tief greifenden Erfahrungen habe ich im prophetischen Dienst <strong>LostPennyFound <\/strong>sammeln und meine Kenntnisse dort in einer Ausbildung festigen d\u00fcrfen. Dort war ich nach der Pr\u00fcfung \u00fcber knapp vier Jahre im prophetischen Team als aktive Mitarbeiterin, vor allem im Schreiben von prophetischen Worten f\u00fcr Anfragende, t\u00e4tig.<\/p>\n<\/div>\n<\/div>\n<\/div>\n\n\n\n<div class=\"wp-block-group alignfull has-base-background-color has-background is-nowrap is-layout-flex wp-container-core-group-is-layout-560e8266 wp-block-group-is-layout-flex\" style=\"margin-top:0;margin-bottom:0;padding-top:var(--wp--preset--spacing--50);padding-right:var(--wp--preset--spacing--50);padding-bottom:var(--wp--preset--spacing--50);padding-left:var(--wp--preset--spacing--50)\">\n<div class=\"wp-block-columns alignwide is-layout-flex wp-container-core-columns-is-layout-549b0c86 wp-block-columns-is-layout-flex\">\n<div class=\"wp-block-column has-global-padding is-content-justification-left is-layout-constrained wp-container-core-column-is-layout-4f15e8fe wp-block-column-is-layout-constrained\" style=\"flex-basis:40%\">\n<p class=\"has-large-font-size\"><mark style=\"background-color:rgba(0, 0, 0, 0)\" class=\"has-inline-color has-accent-4-color\"><em>Christine<\/em><\/mark><\/p>\n\n\n\n<div style=\"height:66px\" aria-hidden=\"true\" class=\"wp-block-spacer\"><\/div>\n\n\n\n<figure class=\"wp-block-image size-large is-resized\"><img loading=\"lazy\" decoding=\"async\" width=\"768\" height=\"1024\" src=\"https:\/\/www.mira-me.de\/wp-content\/uploads\/2024\/09\/IMG_1958-768x1024.jpg\" alt=\"\" class=\"wp-image-237\" style=\"width:286px;height:auto\" srcset=\"https:\/\/www.mira-me.de\/wp-content\/uploads\/2024\/09\/IMG_1958-768x1024.jpg 768w, https:\/\/www.mira-me.de\/wp-content\/uploads\/2024\/09\/IMG_1958-225x300.jpg 225w, https:\/\/www.mira-me.de\/wp-content\/uploads\/2024\/09\/IMG_1958-1152x1536.jpg 1152w, https:\/\/www.mira-me.de\/wp-content\/uploads\/2024\/09\/IMG_1958-1536x2048.jpg 1536w, https:\/\/www.mira-me.de\/wp-content\/uploads\/2024\/09\/IMG_1958-scaled.jpg 1920w\" sizes=\"auto, (max-width: 768px) 100vw, 768px\" \/><\/figure>\n<\/div>\n\n\n\n<div class=\"wp-block-column is-layout-flow wp-container-core-column-is-layout-119bc444 wp-block-column-is-layout-flow\" style=\"flex-basis:60%\">\n<p class=\"has-text-align-left has-contrast-2-color has-text-color has-link-color has-heading-font-family has-large-font-size wp-elements-624032bcef7a4a80b2810e9de84e2fb7\" style=\"line-height:1.2\">&#8222;Mein Herz brennt daf\u00fcr, dass Menschen eine Begegnung mit dem Himmlischen Vater haben.&#8220;<\/p>\n\n\n\n<p>Ich lebe mit meiner Familie in Norddeutschland. 1986 bin ich zum Glauben gekommen und bald darauf erfuhr ich die Taufe im Heiligen Geist. Von 1996 an begegnete mir das Prophetische zunehmend und lie\u00df mich nicht wieder los. Seit 2012 habe ich in verschiedenen internationalen prophetischen Diensten , vor allem im Englischsprachigen Raum, mitgearbeitet. Mein Herz brennt daf\u00fcr, dass durch meine prophetische Begabung Menschen eine Begegnung mit dem Himmlischen Vater haben und dadurch ver\u00e4ndert werden. Ich m\u00f6chte, dass jeder wei\u00df, dass alle Gottes Stimme h\u00f6ren k\u00f6nnen. Tr\u00e4ume sind ein Ausdruck von Gottes Stimme. Daher liegt mir die Traumauslegung sehr am Herzen.<\/p>\n<\/div>\n<\/div>\n<\/div>\n\n\n\n<div class=\"wp-block-group alignfull has-base-background-color has-background is-nowrap is-layout-flex wp-container-core-group-is-layout-560e8266 wp-block-group-is-layout-flex\" style=\"margin-top:0;margin-bottom:0;padding-top:var(--wp--preset--spacing--50);padding-right:var(--wp--preset--spacing--50);padding-bottom:var(--wp--preset--spacing--50);padding-left:var(--wp--preset--spacing--50)\">\n<div class=\"wp-block-columns alignwide is-layout-flex wp-container-core-columns-is-layout-549b0c86 wp-block-columns-is-layout-flex\">\n<div class=\"wp-block-column has-global-padding is-content-justification-left is-layout-constrained wp-container-core-column-is-layout-4f15e8fe wp-block-column-is-layout-constrained\" style=\"flex-basis:40%\">\n<p class=\"has-large-font-size\"><mark style=\"background-color:rgba(0, 0, 0, 0)\" class=\"has-inline-color has-accent-4-color\"><em>Waldemar<\/em><\/mark><\/p>\n\n\n\n<div style=\"height:66px\" aria-hidden=\"true\" class=\"wp-block-spacer\"><\/div>\n<\/div>\n\n\n\n<div class=\"wp-block-column is-layout-flow wp-container-core-column-is-layout-119bc444 wp-block-column-is-layout-flow\" style=\"flex-basis:60%\">\n<p class=\"has-text-align-left has-contrast-2-color has-text-color has-link-color has-heading-font-family has-large-font-size wp-elements-d28d324ba3cf67ae99a9cd0b99d7339e\" style=\"line-height:1.2\">&#8222;Traget einander im Gebet.&#8220;<\/p>\n\n\n\n<p>An dieser Stelle wird sich Waldemar bald vorstellen. Er ist vor allem f\u00fcr Gebet und F\u00fcrbitte zust\u00e4ndig.<\/p>\n<\/div>\n<\/div>\n<\/div>\n\n\n\n<div class=\"wp-block-group alignfull has-background is-nowrap is-layout-flex wp-container-core-group-is-layout-b5abd03e wp-block-group-is-layout-flex\" id=\"mirame\" style=\"background-color:#eae0d4;margin-top:0;margin-bottom:0;padding-top:var(--wp--preset--spacing--50);padding-right:var(--wp--preset--spacing--50);padding-bottom:var(--wp--preset--spacing--50);padding-left:var(--wp--preset--spacing--50)\">\n<div class=\"wp-block-columns alignwide is-layout-flex wp-container-core-columns-is-layout-1da03c2a wp-block-columns-is-layout-flex\">\n<div class=\"wp-block-column is-vertically-aligned-stretch is-layout-flow wp-block-column-is-layout-flow\" style=\"flex-basis:50%\">\n<div class=\"wp-block-group is-vertical is-content-justification-stretch is-layout-flex wp-container-core-group-is-layout-444d5ee8 wp-block-group-is-layout-flex\" style=\"min-height:100%\">\n<p class=\"has-heading-font-family has-x-large-font-size\" style=\"line-height:1.2\">Schau auf mich<br>Sieh mich an<br><\/p>\n\n\n\n<p><strong>Mira me<\/strong> kommt aus dem Spanischen und bedeutet &#8222;schau auf mich, sieh mich an, erblicke mich&#8220;. Gott sieht dich. Du bist Ihm wichtig. Auch, wenn deine Gef\u00fchle und Gedanken dir etwas anderes sagen. Was auch immer du durchmachst, Er hat versprochen, immer bei dir zu sein. Er sieht dich nicht nur, Er m\u00f6chte dich ermutigen: Schau auf mich, denn ich sehe dich und werde dich tragen.<\/p>\n\n\n\n<div class=\"wp-block-group has-global-padding is-content-justification-left is-layout-constrained wp-container-core-group-is-layout-9fe8ed88 wp-block-group-is-layout-constrained\">\n<div class=\"wp-block-buttons is-layout-flex wp-block-buttons-is-layout-flex\">\n<div class=\"wp-block-button\"><a class=\"wp-block-button__link wp-element-button\" href=\"https:\/\/www.mira-me.de\/?page_id=43\">Kontakt<\/a><\/div>\n<\/div>\n<\/div>\n<\/div>\n<\/div>\n\n\n\n<div class=\"wp-block-column is-vertically-aligned-center is-layout-flow wp-block-column-is-layout-flow\" style=\"flex-basis:50%\">\n<figure class=\"wp-block-image size-full is-resized is-style-rounded is-style-rounded--1\"><img loading=\"lazy\" decoding=\"async\" width=\"500\" height=\"500\" src=\"https:\/\/www.mira-me.de\/wp-content\/uploads\/2024\/08\/mirameschriftzug-1.png\" alt=\"\" class=\"wp-image-198\" style=\"aspect-ratio:0.75;object-fit:cover;width:356px;height:auto\" srcset=\"https:\/\/www.mira-me.de\/wp-content\/uploads\/2024\/08\/mirameschriftzug-1.png 500w, https:\/\/www.mira-me.de\/wp-content\/uploads\/2024\/08\/mirameschriftzug-1-300x300.png 300w, https:\/\/www.mira-me.de\/wp-content\/uploads\/2024\/08\/mirameschriftzug-1-150x150.png 150w\" sizes=\"auto, (max-width: 500px) 100vw, 500px\" \/><\/figure>\n<\/div>\n<\/div>\n<\/div>\n\n\n\n<div class=\"wp-block-group alignfull has-base-2-background-color has-background has-global-padding is-layout-constrained wp-container-core-group-is-layout-d89aad35 wp-block-group-is-layout-constrained\" style=\"margin-top:0;margin-bottom:0;padding-top:var(--wp--preset--spacing--50);padding-right:var(--wp--preset--spacing--50);padding-bottom:var(--wp--preset--spacing--50);padding-left:var(--wp--preset--spacing--50)\">\n<div class=\"wp-block-columns alignwide is-layout-flex wp-container-core-columns-is-layout-1da03c2a wp-block-columns-is-layout-flex\">\n<div class=\"wp-block-column is-vertically-aligned-center is-layout-flow wp-block-column-is-layout-flow\" style=\"flex-basis:60%\">\n<figure class=\"wp-block-image size-full is-style-rounded wp-duotone-duotone-1 is-style-rounded--2\"><img loading=\"lazy\" decoding=\"async\" width=\"2560\" height=\"1920\" src=\"https:\/\/www.mira-me.de\/wp-content\/uploads\/2024\/08\/IMG_2374-scaled.jpg\" alt=\"\" class=\"wp-image-19\" style=\"aspect-ratio:4\/3;object-fit:cover\" srcset=\"https:\/\/www.mira-me.de\/wp-content\/uploads\/2024\/08\/IMG_2374-scaled.jpg 2560w, https:\/\/www.mira-me.de\/wp-content\/uploads\/2024\/08\/IMG_2374-300x225.jpg 300w, https:\/\/www.mira-me.de\/wp-content\/uploads\/2024\/08\/IMG_2374-1024x768.jpg 1024w, https:\/\/www.mira-me.de\/wp-content\/uploads\/2024\/08\/IMG_2374-768x576.jpg 768w, https:\/\/www.mira-me.de\/wp-content\/uploads\/2024\/08\/IMG_2374-1536x1152.jpg 1536w, https:\/\/www.mira-me.de\/wp-content\/uploads\/2024\/08\/IMG_2374-2048x1536.jpg 2048w\" sizes=\"auto, (max-width: 2560px) 100vw, 2560px\" \/><\/figure>\n<\/div>\n\n\n\n<div class=\"wp-block-column is-layout-flow wp-block-column-is-layout-flow\" style=\"flex-basis:40%\">\n<h2 class=\"wp-block-heading has-text-align-right has-accent-4-color has-text-color has-link-color wp-elements-28b61ecd1265fdf0bb9461dbc8c31292\">Tr\u00e4ume<\/h2>\n\n\n\n<p class=\"has-text-align-right\">Du m\u00f6chtest mehr dar\u00fcber erfahren, was deine Tr\u00e4ume bedeuten k\u00f6nnen? Dann schreib mir. Mein Team und ich tauchen im Gebet tief ein. Wir glauben, dass der Heilige Geist eine Traumauslegung schenkt und begleiten dich in deinen Fragen.<\/p>\n\n\n\n<div style=\"height:42px\" aria-hidden=\"true\" class=\"wp-block-spacer\"><\/div>\n\n\n\n<div class=\"wp-block-buttons is-content-justification-right is-layout-flex wp-container-core-buttons-is-layout-d445cf74 wp-block-buttons-is-layout-flex\">\n<div class=\"wp-block-button\"><a class=\"wp-block-button__link wp-element-button\" href=\"https:\/\/www.mira-me.de\/?page_id=43\">Link zum Kontaktformular<\/a><\/div>\n<\/div>\n<\/div>\n<\/div>\n<\/div>\n","protected":false},"excerpt":{"rendered":"<p>Gott sieht dich, du bist Ihm wichtig. Renate &#8222;Das Gebet f\u00fcr Menschen liegt mir sehr am Herzen. Gott liebt uns und hat gute Gedanken, die Er uns mitteilen m\u00f6chte.&#8220; Mein Name ist Renate. Ich habe den Prophetischen Gebets-Dienst Mira me im Herbst 2024 gegr\u00fcndet. Ich bin geschieden und habe drei erwachsene Kinder. Ich habe unter [&hellip;]<\/p>\n","protected":false},"author":3,"featured_media":0,"parent":0,"menu_order":0,"comment_status":"closed","ping_status":"closed","template":"","meta":{"footnotes":""},"class_list":["post-17","page","type-page","status-publish","hentry"],"_links":{"self":[{"href":"https:\/\/www.mira-me.de\/index.php?rest_route=\/wp\/v2\/pages\/17","targetHints":{"allow":["GET"]}}],"collection":[{"href":"https:\/\/www.mira-me.de\/index.php?rest_route=\/wp\/v2\/pages"}],"about":[{"href":"https:\/\/www.mira-me.de\/index.php?rest_route=\/wp\/v2\/types\/page"}],"author":[{"embeddable":true,"href":"https:\/\/www.mira-me.de\/index.php?rest_route=\/wp\/v2\/users\/3"}],"replies":[{"embeddable":true,"href":"https:\/\/www.mira-me.de\/index.php?rest_route=%2Fwp%2Fv2%2Fcomments&post=17"}],"version-history":[{"count":46,"href":"https:\/\/www.mira-me.de\/index.php?rest_route=\/wp\/v2\/pages\/17\/revisions"}],"predecessor-version":[{"id":295,"href":"https:\/\/www.mira-me.de\/index.php?rest_route=\/wp\/v2\/pages\/17\/revisions\/295"}],"wp:attachment":[{"href":"https:\/\/www.mira-me.de\/index.php?rest_route=%2Fwp%2Fv2%2Fmedia&parent=17"}],"curies":[{"name":"wp","href":"https:\/\/api.w.org\/{rel}","templated":true}]}}